{"id":946,"date":"2020-01-27T08:29:32","date_gmt":"2020-01-27T08:29:32","guid":{"rendered":"https:\/\/demosites.io\/marketing-agency-gb\/?page_id=75"},"modified":"2024-09-10T07:00:24","modified_gmt":"2024-09-10T07:00:24","slug":"bcd31-contact-us","status":"publish","type":"page","link":"https:\/\/www.osponka.cz\/?page_id=946","title":{"rendered":"Krizov\u00e1 intervence"},"content":{"rendered":"\t\t<div data-elementor-type=\"wp-page\" data-elementor-id=\"946\" class=\"elementor elementor-946\">\n\t\t\t\t<div class=\"elementor-element elementor-element-f757d31 e-flex e-con-boxed e-con e-parent\" data-id=\"f757d31\" data-element_type=\"container\">\n\t\t\t\t\t<div class=\"e-con-inner\">\n\t\t\t\t<div class=\"elementor-element elementor-element-2a7cd21 elementor-widget elementor-widget-text-editor\" data-id=\"2a7cd21\" data-element_type=\"widget\" data-widget_type=\"text-editor.default\">\n\t\t\t\t<div class=\"elementor-widget-container\">\n\t\t\t<style>\/*! elementor - v3.23.0 - 05-08-2024 *\/\n.elementor-widget-text-editor.elementor-drop-cap-view-stacked .elementor-drop-cap{background-color:#69727d;color:#fff}.elementor-widget-text-editor.elementor-drop-cap-view-framed .elementor-drop-cap{color:#69727d;border:3px solid;background-color:transparent}.elementor-widget-text-editor:not(.elementor-drop-cap-view-default) .elementor-drop-cap{margin-top:8px}.elementor-widget-text-editor:not(.elementor-drop-cap-view-default) .elementor-drop-cap-letter{width:1em;height:1em}.elementor-widget-text-editor .elementor-drop-cap{float:left;text-align:center;line-height:1;font-size:50px}.elementor-widget-text-editor .elementor-drop-cap-letter{display:inline-block}<\/style>\t\t\t\t<h5>Krizov\u00e1 intervence pro d\u011bti, ml\u00e1de\u017e a dosp\u011bl\u00e9<\/h5><h6 style=\"font-weight: 400;\"><b>Okam\u017eit\u00e1 podpora v t\u011b\u017ek\u00fdch \u017eivotn\u00edch chv\u00edl\u00edch<\/b><\/h6><p style=\"font-weight: 400;\"><b>Co je krizov\u00e1 intervence?<\/b><\/p><p style=\"font-weight: 400;\">Krizov\u00e1 intervence je specializovan\u00e1 slu\u017eba, kter\u00e1 poskytuje okam\u017eitou pomoc a podporu lidem v akutn\u00edch krizov\u00fdch situac\u00edch. M\u016f\u017ee se jednat o n\u00e1hlou ztr\u00e1tu bl\u00edzk\u00e9 osoby, rozvod, v\u00e1\u017enou nemoc, \u0161ikanu, dom\u00e1c\u00ed n\u00e1sil\u00ed, sebepo\u0161kozov\u00e1n\u00ed, nebo jin\u00e9 z\u00e1va\u017en\u00e9 ud\u00e1losti, kter\u00e9 ohro\u017euj\u00ed psychickou stabilitu. Na\u0161i odborn\u00edci jsou p\u0159ipraveni poskytnout rychlou a \u00fa\u010dinnou pomoc, kter\u00e1 V\u00e1m nebo Va\u0161im bl\u00edzk\u00fdm pom\u016f\u017ee zvl\u00e1dnout tyto obt\u00ed\u017en\u00e9 chv\u00edle.<\/p><p style=\"font-weight: 400;\"><b>Pro koho je krizov\u00e1 intervence ur\u010dena?<\/b><\/p><p style=\"font-weight: 400;\">Krizov\u00e1 intervence je ur\u010dena pro ka\u017ed\u00e9ho, kdo se ocitne v n\u00e1ro\u010dn\u00e9 \u017eivotn\u00ed situaci, kter\u00e1 vy\u017eaduje okam\u017eitou podporu:<\/p><ul><li><b>D\u011bti a ml\u00e1de\u017e<\/b>: Pomoc pro mlad\u00e9 lidi, kte\u0159\u00ed se pot\u00fdkaj\u00ed s v\u00e1\u017en\u00fdmi probl\u00e9my, jako je \u0161ikana, n\u00e1sil\u00ed, ztr\u00e1ta bl\u00edzk\u00e9ho, rozvod rodi\u010d\u016f, sebepo\u0161kozov\u00e1n\u00ed, nebo sebevra\u017eedn\u00e9 my\u0161lenky.<\/li><li><b>Dosp\u011bl\u00ed<\/b>: Podpora pro dosp\u011bl\u00e9, kte\u0159\u00ed proch\u00e1zej\u00ed kriz\u00ed, jako je ztr\u00e1ta zam\u011bstn\u00e1n\u00ed, v\u00e1\u017en\u00e9 zdravotn\u00ed probl\u00e9my, rozvod, nebo \u00famrt\u00ed v rodin\u011b.<\/li><li><b>Rodiny<\/b>: Pomoc pro rodiny, kter\u00e9 se nach\u00e1zej\u00ed ve slo\u017eit\u00e9 situaci a pot\u0159ebuj\u00ed podporu p\u0159i zvl\u00e1d\u00e1n\u00ed krizov\u00fdch ud\u00e1lost\u00ed.<\/li><\/ul><p style=\"font-weight: 400;\"><b>Jak krizov\u00e1 intervence pom\u00e1h\u00e1?<\/b><\/p><ul><li><b>Okam\u017eit\u00e1 podpora<\/b>: Poskytujeme rychlou pomoc v akutn\u00ed krizi, abychom zabr\u00e1nili zhor\u0161en\u00ed situace a pomohli stabilizovat psychick\u00fd stav.<\/li><li><b>Zvl\u00e1d\u00e1n\u00ed emoc\u00ed<\/b>: Pom\u016f\u017eeme V\u00e1m l\u00e9pe porozum\u011bt a zvl\u00e1dnout siln\u00e9 emoce<\/li><li><b>Bezpe\u010dn\u00e9 prost\u0159ed\u00ed<\/b>: Nab\u00edz\u00edme bezpe\u010dn\u00e9 a diskr\u00e9tn\u00ed prost\u0159ed\u00ed, kde m\u016f\u017eete otev\u0159en\u011b mluvit o sv\u00fdch probl\u00e9mech a obav\u00e1ch.<\/li><li><b>Praktick\u00e9 rady a podpora<\/b>: Poskytneme V\u00e1m praktick\u00e9 rady a strategie, jak se s krizovou situac\u00ed vypo\u0159\u00e1dat a naj\u00edt cestu k \u0159e\u0161en\u00ed.<\/li><li><b>Dlouhodob\u00e1 podpora<\/b>: Pokud je to pot\u0159eba, pom\u016f\u017eeme V\u00e1m naj\u00edt dal\u0161\u00ed formy podpory, jako je terapie, soci\u00e1ln\u00ed slu\u017eby, nebo pr\u00e1vn\u00ed poradenstv\u00ed.<\/li><\/ul><p style=\"font-weight: 400;\"><b>Jak krizov\u00e1 intervence prob\u00edh\u00e1?<\/b><\/p><p style=\"font-weight: 400;\">Krizov\u00e1 intervence je p\u0159izp\u016fsobena specifick\u00fdm pot\u0159eb\u00e1m ka\u017ed\u00e9ho jednotlivce:<\/p><ul><li><b>Osobn\u00ed setk\u00e1n\u00ed<\/b>: Nab\u00edz\u00edme individu\u00e1ln\u00ed sezen\u00ed s krizov\u00fdm interventem, kde se zam\u011b\u0159\u00edme na Va\u0161e konkr\u00e9tn\u00ed pot\u0159eby a okam\u017eitou pomoc.<\/li><li><b>Telefonick\u00e1 podpora<\/b>: V p\u0159\u00edpad\u011b pot\u0159eby jsme k dispozici i na telefonu pro rychlou krizovou intervenci.<\/li><li><b>Online intervence<\/b>: Poskytujeme krizovou podporu tak\u00e9 prost\u0159ednictv\u00edm videohovor\u016f nebo chatov\u00e9 komunikace, pro maxim\u00e1ln\u00ed dostupnost a pohodl\u00ed.<\/li><\/ul><p><b>Pro\u010d zvolit na\u0161i krizovou intervenci?<\/b><\/p><p style=\"font-weight: 400;\">Na\u0161i krizov\u00ed interventi jsou vy\u0161kolen\u00ed odborn\u00edci s bohat\u00fdmi zku\u0161enostmi v pr\u00e1ci s lidmi v krizov\u00fdch situac\u00edch. Pracujeme s empati\u00ed, respektem a d\u016frazem na individu\u00e1ln\u00ed pot\u0159eby ka\u017ed\u00e9ho klienta. Na\u0161\u00edm c\u00edlem je pomoci V\u00e1m nebo Va\u0161im bl\u00edzk\u00fdm p\u0159ekonat obt\u00ed\u017en\u00e9 \u017eivotn\u00ed chv\u00edle a naj\u00edt cestu ke znovuz\u00edsk\u00e1n\u00ed stability a du\u0161evn\u00ed pohody.<\/p><p style=\"font-weight: 400;\"><b>Pot\u0159ebujete krizovou pomoc?<\/b><\/p><p style=\"font-weight: 400;\">Pokud Vy nebo n\u011bkdo z Va\u0161ich bl\u00edzk\u00fdch proch\u00e1z\u00ed kriz\u00ed a pot\u0159ebujete okam\u017eitou pomoc, nev\u00e1hejte n\u00e1s kontaktovat. Jsme tu, abychom V\u00e1m pomohli v t\u011bch nejt\u011b\u017e\u0161\u00edch chv\u00edl\u00edch.<\/p><p style=\"font-weight: 400;\">Dal\u0161\u00ed informace naleznete na <a href=\"http:\/\/www.osponka.cz\/\">www.osponka.cz<\/a>, nebo n\u00e1s kontaktujte p\u0159\u00edmo na e-mailu koordinace@osponka.cz \u010di telefonicky na \u010d\u00edsle +420 775 103 737.<\/p>\t\t\t\t\t\t<\/div>\n\t\t\t\t<\/div>\n\t\t\t\t\t<\/div>\n\t\t\t\t<\/div>\n\t\t\t\t<\/div>\n\t\t","protected":false},"excerpt":{"rendered":"<p>Krizov\u00e1 intervence pro d\u011bti, ml\u00e1de\u017e a dosp\u011bl\u00e9 Okam\u017eit\u00e1 podpora v t\u011b\u017ek\u00fdch \u017eivotn\u00edch chv\u00edl\u00edch Co je krizov\u00e1 intervence? Krizov\u00e1 intervence je specializovan\u00e1 slu\u017eba, kter\u00e1 poskytuje okam\u017eitou pomoc a podporu lidem v akutn\u00edch krizov\u00fdch situac\u00edch. M\u016f\u017ee se jednat o n\u00e1hlou ztr\u00e1tu bl\u00edzk\u00e9 osoby, rozvod, v\u00e1\u017enou nemoc, \u0161ikanu, dom\u00e1c\u00ed n\u00e1sil\u00ed, sebepo\u0161kozov\u00e1n\u00ed, nebo jin\u00e9 z\u00e1va\u017en\u00e9 ud\u00e1losti, kter\u00e9 ohro\u017euj\u00ed psychickou&#8230;<\/p>\n","protected":false},"author":2,"featured_media":0,"parent":0,"menu_order":0,"comment_status":"closed","ping_status":"closed","template":"","meta":{"_themeisle_gutenberg_block_has_review":false,"_ti_tpc_template_sync":false,"_ti_tpc_template_id":"re55dar6wrbbpp35jwhf","footnotes":""},"class_list":["post-946","page","type-page","status-publish","hentry"],"_links":{"self":[{"href":"https:\/\/www.osponka.cz\/index.php?rest_route=\/wp\/v2\/pages\/946","targetHints":{"allow":["GET"]}}],"collection":[{"href":"https:\/\/www.osponka.cz\/index.php?rest_route=\/wp\/v2\/pages"}],"about":[{"href":"https:\/\/www.osponka.cz\/index.php?rest_route=\/wp\/v2\/types\/page"}],"author":[{"embeddable":true,"href":"https:\/\/www.osponka.cz\/index.php?rest_route=\/wp\/v2\/users\/2"}],"replies":[{"embeddable":true,"href":"https:\/\/www.osponka.cz\/index.php?rest_route=%2Fwp%2Fv2%2Fcomments&post=946"}],"version-history":[{"count":9,"href":"https:\/\/www.osponka.cz\/index.php?rest_route=\/wp\/v2\/pages\/946\/revisions"}],"predecessor-version":[{"id":1112,"href":"https:\/\/www.osponka.cz\/index.php?rest_route=\/wp\/v2\/pages\/946\/revisions\/1112"}],"wp:attachment":[{"href":"https:\/\/www.osponka.cz\/index.php?rest_route=%2Fwp%2Fv2%2Fmedia&parent=946"}],"curies":[{"name":"wp","href":"https:\/\/api.w.org\/{rel}","templated":true}]}}