{"id":61,"date":"2020-01-23T18:21:52","date_gmt":"2020-01-23T18:21:52","guid":{"rendered":"https:\/\/demosites.io\/marketing-agency-gb\/?page_id=61"},"modified":"2024-09-09T20:44:38","modified_gmt":"2024-09-09T20:44:38","slug":"bcd31-about-us","status":"publish","type":"page","link":"https:\/\/www.osponka.cz\/?page_id=61","title":{"rendered":"Kontakt"},"content":{"rendered":"\t\t<div data-elementor-type=\"wp-page\" data-elementor-id=\"61\" class=\"elementor elementor-61\">\n\t\t\t\t<div class=\"elementor-element elementor-element-f275a94 e-flex e-con-boxed e-con e-parent\" data-id=\"f275a94\" data-element_type=\"container\">\n\t\t\t\t\t<div class=\"e-con-inner\">\n\t\t<div class=\"elementor-element elementor-element-ee56b2c e-con-full e-flex e-con e-child\" data-id=\"ee56b2c\" data-element_type=\"container\">\n\t\t\t\t<div class=\"elementor-element elementor-element-58ac6c2 elementor-widget elementor-widget-text-editor\" data-id=\"58ac6c2\" data-element_type=\"widget\" data-widget_type=\"text-editor.default\">\n\t\t\t\t<div class=\"elementor-widget-container\">\n\t\t\t<style>\/*! elementor - v3.23.0 - 05-08-2024 *\/\n.elementor-widget-text-editor.elementor-drop-cap-view-stacked .elementor-drop-cap{background-color:#69727d;color:#fff}.elementor-widget-text-editor.elementor-drop-cap-view-framed .elementor-drop-cap{color:#69727d;border:3px solid;background-color:transparent}.elementor-widget-text-editor:not(.elementor-drop-cap-view-default) .elementor-drop-cap{margin-top:8px}.elementor-widget-text-editor:not(.elementor-drop-cap-view-default) .elementor-drop-cap-letter{width:1em;height:1em}.elementor-widget-text-editor .elementor-drop-cap{float:left;text-align:center;line-height:1;font-size:50px}.elementor-widget-text-editor .elementor-drop-cap-letter{display:inline-block}<\/style>\t\t\t\t<h4><strong>S\u00eddlo a faktura\u010dn\u00ed \u00fadaje<\/strong><\/h4>\n<div>\n<p>OSponka, z.s.<\/p>\n<p class=\"Textbody\">N\u00e1dra\u017en\u00ed 615\/30, Moravsk\u00e1 Ostrava, 702 00<\/p>\n<p>I\u010c: 06599281, \u010d\u00edslo \u00fa\u010dtu: 2202915136\/2010,<\/p>\n<p>IBAN: CZ1420100000002202915136<\/p>\n<\/div>\n<p>\u00a0<\/p>\t\t\t\t\t\t<\/div>\n\t\t\t\t<\/div>\n\t\t\t\t<\/div>\n\t\t<div class=\"elementor-element elementor-element-d7e5851 e-con-full e-flex e-con e-child\" data-id=\"d7e5851\" data-element_type=\"container\">\n\t\t\t\t<div class=\"elementor-element elementor-element-fa64c1e elementor-widget elementor-widget-text-editor\" data-id=\"fa64c1e\" data-element_type=\"widget\" data-widget_type=\"text-editor.default\">\n\t\t\t\t<div class=\"elementor-widget-container\">\n\t\t\t\t\t\t\t<h4><strong>Kontaktn\u00ed \u00fadaje<\/strong><\/h4>\n<div>\n<p class=\"Standard\">+420 775 103 737<\/p>\n<\/div>\n<div>\n<p class=\"Standard\"><a href=\"mailto:koordinace@osponka.cz\">koordinace@osponka.cz<\/a><\/p>\n<\/div>\n<div>\n<p>Datov\u00e1 schr\u00e1nka: jtahdjt<\/p>\n<\/div>\n<p>\u00a0<\/p>\t\t\t\t\t\t<\/div>\n\t\t\t\t<\/div>\n\t\t\t\t<\/div>\n\t\t\t\t\t<\/div>\n\t\t\t\t<\/div>\n\t\t<div class=\"elementor-element elementor-element-bb51f09 e-flex e-con-boxed e-con e-parent\" data-id=\"bb51f09\" data-element_type=\"container\">\n\t\t\t\t\t<div class=\"e-con-inner\">\n\t\t\t\t<div class=\"elementor-element elementor-element-64c9685 elementor-widget elementor-widget-text-editor\" data-id=\"64c9685\" data-element_type=\"widget\" data-widget_type=\"text-editor.default\">\n\t\t\t\t<div class=\"elementor-widget-container\">\n\t\t\t\t\t\t\t<h2>N\u00c1\u0160 T\u00ddM<\/h2><div><h4 class=\"Standard\">Jan Ad\u00e1mek<\/h4><\/div><div><p class=\"Standard\">p\u0159edseda spolku<\/p><\/div><div><p class=\"Standard\">\u00a0<\/p><\/div><div><h4 class=\"Standard\">Kamila Hladi\u0161ov\u00e1<\/h4><\/div><div><p class=\"Standard\">v\u00fdkonn\u00e1 \u0159editelka, metodi\u010dka prevence<\/p><\/div><div><p class=\"Standard\">\u00a0<\/p><\/div><div><h4 class=\"Standard\">Michaela Ad\u00e1mkov\u00e1<\/h4><\/div><div><p class=\"Standard\">mana\u017eerka vzd\u011bl\u00e1v\u00e1n\u00ed, speci\u00e1ln\u00ed pedagog<\/p><\/div><div><p class=\"Standard\">\u00a0<\/p><\/div><div><h4 class=\"Standard\">Veronika \u0160tenclov\u00e1<\/h4><\/div><div><p class=\"Standard\">odborn\u00e1 garantka<\/p><\/div><div><p class=\"Standard\">\u00a0<\/p><\/div><div><h4 class=\"Standard\">Marie Te\u0161lov\u00e1\u00a0<\/h4><\/div><div><p class=\"Standard\">koordin\u00e1torka neziskov\u00e9 organizace, soci\u00e1ln\u00ed pedagog<\/p><\/div>\t\t\t\t\t\t<\/div>\n\t\t\t\t<\/div>\n\t\t\t\t\t<\/div>\n\t\t\t\t<\/div>\n\t\t\t\t<\/div>\n\t\t","protected":false},"excerpt":{"rendered":"<p>S\u00eddlo a faktura\u010dn\u00ed \u00fadaje OSponka, z.s. N\u00e1dra\u017en\u00ed 615\/30, Moravsk\u00e1 Ostrava, 702 00 I\u010c: 06599281, \u010d\u00edslo \u00fa\u010dtu: 2202915136\/2010, IBAN: CZ1420100000002202915136 \u00a0 Kontaktn\u00ed \u00fadaje +420 775 103 737 koordinace@osponka.cz Datov\u00e1 schr\u00e1nka: jtahdjt \u00a0 N\u00c1\u0160 T\u00ddM Jan Ad\u00e1mek p\u0159edseda spolku \u00a0 Kamila Hladi\u0161ov\u00e1 v\u00fdkonn\u00e1 \u0159editelka, metodi\u010dka prevence \u00a0 Michaela Ad\u00e1mkov\u00e1 mana\u017eerka vzd\u011bl\u00e1v\u00e1n\u00ed, speci\u00e1ln\u00ed pedagog \u00a0 Veronika \u0160tenclov\u00e1 odborn\u00e1&#8230;<\/p>\n","protected":false},"author":2,"featured_media":0,"parent":0,"menu_order":0,"comment_status":"closed","ping_status":"closed","template":"","meta":{"_themeisle_gutenberg_block_has_review":false,"_ti_tpc_template_sync":false,"_ti_tpc_template_id":"eex7gnweb2m8vo93cr1g","footnotes":""},"class_list":["post-61","page","type-page","status-publish","hentry"],"_links":{"self":[{"href":"https:\/\/www.osponka.cz\/index.php?rest_route=\/wp\/v2\/pages\/61","targetHints":{"allow":["GET"]}}],"collection":[{"href":"https:\/\/www.osponka.cz\/index.php?rest_route=\/wp\/v2\/pages"}],"about":[{"href":"https:\/\/www.osponka.cz\/index.php?rest_route=\/wp\/v2\/types\/page"}],"author":[{"embeddable":true,"href":"https:\/\/www.osponka.cz\/index.php?rest_route=\/wp\/v2\/users\/2"}],"replies":[{"embeddable":true,"href":"https:\/\/www.osponka.cz\/index.php?rest_route=%2Fwp%2Fv2%2Fcomments&post=61"}],"version-history":[{"count":9,"href":"https:\/\/www.osponka.cz\/index.php?rest_route=\/wp\/v2\/pages\/61\/revisions"}],"predecessor-version":[{"id":1092,"href":"https:\/\/www.osponka.cz\/index.php?rest_route=\/wp\/v2\/pages\/61\/revisions\/1092"}],"wp:attachment":[{"href":"https:\/\/www.osponka.cz\/index.php?rest_route=%2Fwp%2Fv2%2Fmedia&parent=61"}],"curies":[{"name":"wp","href":"https:\/\/api.w.org\/{rel}","templated":true}]}}