{"id":159,"date":"2024-09-01T12:20:33","date_gmt":"2024-09-01T12:20:33","guid":{"rendered":"https:\/\/www.osponka.cz\/?page_id=159"},"modified":"2024-09-01T13:10:12","modified_gmt":"2024-09-01T13:10:12","slug":"kontaktni-udaje","status":"publish","type":"page","link":"https:\/\/www.osponka.cz\/?page_id=159","title":{"rendered":"Podpo\u0159te n\u00e1s"},"content":{"rendered":"\t\t<div data-elementor-type=\"wp-page\" data-elementor-id=\"159\" class=\"elementor elementor-159\">\n\t\t\t\t<div class=\"elementor-element elementor-element-c0bde11 e-flex e-con-boxed e-con e-parent\" data-id=\"c0bde11\" data-element_type=\"container\">\n\t\t\t\t\t<div class=\"e-con-inner\">\n\t\t\t\t<div class=\"elementor-element elementor-element-1cb48d5 elementor-widget elementor-widget-text-editor\" data-id=\"1cb48d5\" data-element_type=\"widget\" data-widget_type=\"text-editor.default\">\n\t\t\t\t<div class=\"elementor-widget-container\">\n\t\t\t<style>\/*! elementor - v3.23.0 - 05-08-2024 *\/\n.elementor-widget-text-editor.elementor-drop-cap-view-stacked .elementor-drop-cap{background-color:#69727d;color:#fff}.elementor-widget-text-editor.elementor-drop-cap-view-framed .elementor-drop-cap{color:#69727d;border:3px solid;background-color:transparent}.elementor-widget-text-editor:not(.elementor-drop-cap-view-default) .elementor-drop-cap{margin-top:8px}.elementor-widget-text-editor:not(.elementor-drop-cap-view-default) .elementor-drop-cap-letter{width:1em;height:1em}.elementor-widget-text-editor .elementor-drop-cap{float:left;text-align:center;line-height:1;font-size:50px}.elementor-widget-text-editor .elementor-drop-cap-letter{display:inline-block}<\/style>\t\t\t\t<p><strong>Podpo\u0159te na\u0161i pr\u00e1ci a zm\u011b\u0148te d\u011btem \u017eivot<\/strong><\/p><p>Sta\u0148te se sou\u010d\u00e1st\u00ed p\u0159\u00edb\u011bhu, kter\u00fd m\u011bn\u00ed \u017eivoty d\u011bt\u00ed. Va\u0161e podpora je kl\u00ed\u010dov\u00e1 \u2013 d\u00e1v\u00e1te d\u011btem \u0161anci na lep\u0161\u00ed budoucnost a ukazujete jim, \u017ee \u201eV\u0161echny sny se mohou st\u00e1t skute\u010dnost\u00ed, pokud m\u00e1me odvahu je n\u00e1sledovat.\u201c \u2013 Walt Disney.<\/p><p><strong>Pro\u010d je va\u0161e podpora d\u016fle\u017eit\u00e1?<\/strong><\/p><p>Pravideln\u00e9 dary n\u00e1m umo\u017e\u0148uj\u00ed poskytovat stabiln\u00ed a dlouhodobou pomoc. D\u00edky nim m\u016f\u017eeme ka\u017ed\u00fd den pracovat s d\u011btmi, kter\u00e9 to nejv\u00edce pot\u0159ebuj\u00ed, a podporovat jejich osobn\u00ed rozvoj a vzd\u011bl\u00e1v\u00e1n\u00ed.<\/p><p><strong>Jak m\u016f\u017eete pomoci?<\/strong><\/p><ul class=\"wp-block-list\"><li>Pravideln\u00fd p\u0159\u00edsp\u011bvek: Va\u0161e m\u011bs\u00ed\u010dn\u00ed podpora n\u00e1m d\u00e1v\u00e1 jistotu, \u017ee m\u016f\u017eeme pl\u00e1novat a rozv\u00edjet na\u0161e programy dlouhodob\u011b.<\/li><li>Jednor\u00e1zov\u00fd dar: Ka\u017ed\u00fd dar, mal\u00fd \u010di velk\u00fd, m\u00e1 okam\u017eit\u00fd dopad a umo\u017e\u0148uje n\u00e1m reagovat na aktu\u00e1ln\u00ed pot\u0159eby d\u011bt\u00ed.<\/li><li>Materi\u00e1ln\u00ed podpora: I drobn\u00e9 v\u011bci, jako jsou \u0161koln\u00ed pom\u016fcky nebo volno\u010dasov\u00e9 pot\u0159eby, mohou d\u011btem p\u0159in\u00e9st radost a nov\u00e9 mo\u017enosti.<\/li><\/ul><p><strong>D\u011bkujeme, \u017ee n\u00e1m pom\u00e1h\u00e1te m\u011bnit \u017eivoty.<\/strong><\/p><p>Ka\u017ed\u00fd v\u00e1\u0161 p\u0159\u00edsp\u011bvek je d\u016fkazem, \u017ee i mal\u00fd krok m\u016f\u017ee v\u00e9st k velk\u00fdm zm\u011bn\u00e1m. D\u011bkujeme v\u00e1m za va\u0161i \u0161t\u011bdrost a d\u016fv\u011bru.<\/p>\t\t\t\t\t\t<\/div>\n\t\t\t\t<\/div>\n\t\t\t\t\t<\/div>\n\t\t\t\t<\/div>\n\t\t<div class=\"elementor-element elementor-element-0f8a56b e-flex e-con-boxed e-con e-parent\" data-id=\"0f8a56b\" data-element_type=\"container\">\n\t\t\t\t\t<div class=\"e-con-inner\">\n\t\t<div class=\"elementor-element elementor-element-285e307 e-con-full e-flex e-con e-child\" data-id=\"285e307\" data-element_type=\"container\">\n\t\t\t\t<div class=\"elementor-element elementor-element-ae51653 elementor-widget elementor-widget-text-editor\" data-id=\"ae51653\" data-element_type=\"widget\" data-widget_type=\"text-editor.default\">\n\t\t\t\t<div class=\"elementor-widget-container\">\n\t\t\t\t\t\t\t<h6>\u00a0<\/h6><h6>\u00a0<\/h6><h6>\u00a0<\/h6><h6>\u00a0<\/h6><h6><strong>Va\u0161e p\u0159\u00edsp\u011bvky m\u016f\u017eete zas\u00edlat na tento \u00fa\u010det:<\/strong><\/h6><p>\u010d\u00edslo \u00fa\u010dtu:<strong>\u00a0<\/strong>1117771700\/5500<\/p><p>variabiln\u00ed symbol:<strong>\u00a0<\/strong>6969<\/p>\t\t\t\t\t\t<\/div>\n\t\t\t\t<\/div>\n\t\t\t\t<\/div>\n\t\t<div class=\"elementor-element elementor-element-007c001 e-con-full e-flex e-con e-child\" data-id=\"007c001\" data-element_type=\"container\">\n\t\t\t\t<div class=\"elementor-element elementor-element-40d760f elementor-widget elementor-widget-image\" data-id=\"40d760f\" data-element_type=\"widget\" data-widget_type=\"image.default\">\n\t\t\t\t<div class=\"elementor-widget-container\">\n\t\t\t<style>\/*! elementor - v3.23.0 - 05-08-2024 *\/\n.elementor-widget-image{text-align:center}.elementor-widget-image a{display:inline-block}.elementor-widget-image a img[src$=\".svg\"]{width:48px}.elementor-widget-image img{vertical-align:middle;display:inline-block}<\/style>\t\t\t\t\t\t\t\t\t\t<img fetchpriority=\"high\" decoding=\"async\" width=\"1536\" height=\"768\" src=\"https:\/\/www.osponka.cz\/wp-content\/uploads\/2024\/09\/Navrh-bez-nazvu-11-1536x768.png\" class=\"attachment-1536x1536 size-1536x1536 wp-image-48\" alt=\"\" srcset=\"https:\/\/www.osponka.cz\/wp-content\/uploads\/2024\/09\/Navrh-bez-nazvu-11-1536x768.png 1536w, https:\/\/www.osponka.cz\/wp-content\/uploads\/2024\/09\/Navrh-bez-nazvu-11-300x150.png 300w, https:\/\/www.osponka.cz\/wp-content\/uploads\/2024\/09\/Navrh-bez-nazvu-11-1024x512.png 1024w, https:\/\/www.osponka.cz\/wp-content\/uploads\/2024\/09\/Navrh-bez-nazvu-11-768x384.png 768w, https:\/\/www.osponka.cz\/wp-content\/uploads\/2024\/09\/Navrh-bez-nazvu-11-2048x1024.png 2048w\" sizes=\"(max-width: 1536px) 100vw, 1536px\" \/>\t\t\t\t\t\t\t\t\t\t\t\t\t<\/div>\n\t\t\t\t<\/div>\n\t\t\t\t<\/div>\n\t\t\t\t\t<\/div>\n\t\t\t\t<\/div>\n\t\t\t\t<\/div>\n\t\t","protected":false},"excerpt":{"rendered":"<p>Podpo\u0159te na\u0161i pr\u00e1ci a zm\u011b\u0148te d\u011btem \u017eivot Sta\u0148te se sou\u010d\u00e1st\u00ed p\u0159\u00edb\u011bhu, kter\u00fd m\u011bn\u00ed \u017eivoty d\u011bt\u00ed. Va\u0161e podpora je kl\u00ed\u010dov\u00e1 \u2013 d\u00e1v\u00e1te d\u011btem \u0161anci na lep\u0161\u00ed budoucnost a ukazujete jim, \u017ee \u201eV\u0161echny sny se mohou st\u00e1t skute\u010dnost\u00ed, pokud m\u00e1me odvahu je n\u00e1sledovat.\u201c \u2013 Walt Disney. Pro\u010d je va\u0161e podpora d\u016fle\u017eit\u00e1? Pravideln\u00e9 dary n\u00e1m umo\u017e\u0148uj\u00ed poskytovat stabiln\u00ed&#8230;<\/p>\n","protected":false},"author":2,"featured_media":0,"parent":0,"menu_order":0,"comment_status":"closed","ping_status":"closed","template":"blank-with-header-footer","meta":{"_themeisle_gutenberg_block_has_review":false,"_ti_tpc_template_sync":false,"_ti_tpc_template_id":"","footnotes":""},"class_list":["post-159","page","type-page","status-publish","hentry"],"_links":{"self":[{"href":"https:\/\/www.osponka.cz\/index.php?rest_route=\/wp\/v2\/pages\/159","targetHints":{"allow":["GET"]}}],"collection":[{"href":"https:\/\/www.osponka.cz\/index.php?rest_route=\/wp\/v2\/pages"}],"about":[{"href":"https:\/\/www.osponka.cz\/index.php?rest_route=\/wp\/v2\/types\/page"}],"author":[{"embeddable":true,"href":"https:\/\/www.osponka.cz\/index.php?rest_route=\/wp\/v2\/users\/2"}],"replies":[{"embeddable":true,"href":"https:\/\/www.osponka.cz\/index.php?rest_route=%2Fwp%2Fv2%2Fcomments&post=159"}],"version-history":[{"count":11,"href":"https:\/\/www.osponka.cz\/index.php?rest_route=\/wp\/v2\/pages\/159\/revisions"}],"predecessor-version":[{"id":985,"href":"https:\/\/www.osponka.cz\/index.php?rest_route=\/wp\/v2\/pages\/159\/revisions\/985"}],"wp:attachment":[{"href":"https:\/\/www.osponka.cz\/index.php?rest_route=%2Fwp%2Fv2%2Fmedia&parent=159"}],"curies":[{"name":"wp","href":"https:\/\/api.w.org\/{rel}","templated":true}]}}