{"id":155,"date":"2024-09-01T12:02:02","date_gmt":"2024-09-01T12:02:02","guid":{"rendered":"https:\/\/www.osponka.cz\/?page_id=155"},"modified":"2024-09-10T07:02:52","modified_gmt":"2024-09-10T07:02:52","slug":"terapeuticka-prace","status":"publish","type":"page","link":"https:\/\/www.osponka.cz\/?page_id=155","title":{"rendered":"Terapeutick\u00e1 pr\u00e1ce"},"content":{"rendered":"\t\t<div data-elementor-type=\"wp-page\" data-elementor-id=\"155\" class=\"elementor elementor-155\">\n\t\t\t\t<div class=\"elementor-element elementor-element-163ca25 e-flex e-con-boxed e-con e-parent\" data-id=\"163ca25\" data-element_type=\"container\">\n\t\t\t\t\t<div class=\"e-con-inner\">\n\t\t\t\t<div class=\"elementor-element elementor-element-28d8e9f elementor-widget elementor-widget-text-editor\" data-id=\"28d8e9f\" data-element_type=\"widget\" data-widget_type=\"text-editor.default\">\n\t\t\t\t<div class=\"elementor-widget-container\">\n\t\t\t<style>\/*! elementor - v3.23.0 - 05-08-2024 *\/\n.elementor-widget-text-editor.elementor-drop-cap-view-stacked .elementor-drop-cap{background-color:#69727d;color:#fff}.elementor-widget-text-editor.elementor-drop-cap-view-framed .elementor-drop-cap{color:#69727d;border:3px solid;background-color:transparent}.elementor-widget-text-editor:not(.elementor-drop-cap-view-default) .elementor-drop-cap{margin-top:8px}.elementor-widget-text-editor:not(.elementor-drop-cap-view-default) .elementor-drop-cap-letter{width:1em;height:1em}.elementor-widget-text-editor .elementor-drop-cap{float:left;text-align:center;line-height:1;font-size:50px}.elementor-widget-text-editor .elementor-drop-cap-letter{display:inline-block}<\/style>\t\t\t\t<h4>Terapeutick\u00e1 pr\u00e1ce s d\u011btmi a ml\u00e1de\u017e\u00ed s rizikov\u00fdm chov\u00e1n\u00edm<\/h4><h6 style=\"font-weight: 400;\"><b>Podpora a pomoc pro d\u011bti a mladistv\u00e9 v krizi<\/b><\/h6><p style=\"font-weight: 400;\"><b>Co je terapeutick\u00e1 pr\u00e1ce s d\u011btmi a ml\u00e1de\u017e\u00ed s rizikov\u00fdm chov\u00e1n\u00edm?<\/b><\/p><p style=\"font-weight: 400;\">Terapeutick\u00e1 pr\u00e1ce s d\u011btmi a ml\u00e1de\u017e\u00ed s rizikov\u00fdm chov\u00e1n\u00edm je odborn\u00fd proces zam\u011b\u0159en\u00fd na pomoc mlad\u00fdm lidem, kte\u0159\u00ed se pot\u00fdkaj\u00ed s probl\u00e9my, je\u017e mohou ohrozit jejich zdrav\u00ed, bezpe\u010d\u00ed nebo budoucnost. M\u016f\u017ee se jednat o sebepo\u0161kozov\u00e1n\u00ed, agresivn\u00ed chov\u00e1n\u00ed, experimentov\u00e1n\u00ed s n\u00e1vykov\u00fdmi l\u00e1tkami, \u0161koln\u00ed ne\u00fasp\u011bchy, \u00fat\u011bky z domova nebo jin\u00e9 rizikov\u00e9 chov\u00e1n\u00ed. Na\u0161i zku\u0161en\u00ed terapeuti poskytuj\u00ed individu\u00e1ln\u00ed podporu a bezpe\u010dn\u00e9 prost\u0159ed\u00ed, kde se mlad\u00ed lid\u00e9 mohou otev\u0159en\u011b vyj\u00e1d\u0159it, prozkoumat sv\u00e9 probl\u00e9my a hledat \u0159e\u0161en\u00ed.<\/p><p style=\"font-weight: 400;\"><b>Pro koho je tato slu\u017eba ur\u010dena?<\/b><\/p><p style=\"font-weight: 400;\">Terapeutick\u00e1 pr\u00e1ce je ur\u010dena pro d\u011bti a mladistv\u00e9, kte\u0159\u00ed:<\/p><ul><li>Se pot\u00fdkaj\u00ed s probl\u00e9my, jako je sebepo\u0161kozov\u00e1n\u00ed, \u00fazkost, deprese nebo agresivita<\/li><li>Jsou vystaveni rizikov\u00e9mu chov\u00e1n\u00ed, jako je experimentov\u00e1n\u00ed s drogami, n\u00e1sil\u00ed, kriminalita \u010di sexu\u00e1ln\u00ed rizika<\/li><li>Maj\u00ed probl\u00e9my s u\u010den\u00edm, doch\u00e1zkou do \u0161koly, nebo jsou vystaveni \u0161ikan\u011b<\/li><li>Se nach\u00e1zej\u00ed v krizi po traumatick\u00fdch ud\u00e1lostech, jako je ztr\u00e1ta bl\u00edzk\u00e9 osoby, rozvod rodi\u010d\u016f, t\u00fdr\u00e1n\u00ed nebo zneu\u017e\u00edv\u00e1n\u00ed<\/li><li>Pot\u0159ebuj\u00ed podporu p\u0159i \u0159e\u0161en\u00ed obt\u00ed\u017en\u00fdch \u017eivotn\u00edch situac\u00ed a nalezen\u00ed zdrav\u00fdch strategi\u00ed pro zvl\u00e1d\u00e1n\u00ed stresu<\/li><\/ul><p style=\"font-weight: 400;\"><b>Jak terapie pom\u00e1h\u00e1?<\/b><\/p><ul><li><b>Pos\u00edlen\u00ed psychick\u00e9 odolnosti<\/b>: Pom\u00e1h\u00e1me mlad\u00fdm lidem l\u00e9pe zvl\u00e1dat stres, \u00fazkost a jin\u00e9 psychick\u00e9 pot\u00ed\u017ee.<\/li><li><b>Zlep\u0161en\u00ed soci\u00e1ln\u00edch dovednost\u00ed<\/b>: Terapie podporuje rozvoj zdrav\u00fdch mezilidsk\u00fdch vztah\u016f a schopnost \u0159e\u0161it konflikty.<\/li><li><b>Prevence a \u0159e\u0161en\u00ed rizikov\u00e9ho chov\u00e1n\u00ed<\/b>: Spole\u010dn\u011b s mlad\u00fdmi lidmi hled\u00e1me alternativn\u00ed zp\u016fsoby, jak se vyrovn\u00e1vat s probl\u00e9my, kter\u00e9 je vedou k rizikov\u00e9mu chov\u00e1n\u00ed.<\/li><li><b>Podpora v krizov\u00fdch situac\u00edch<\/b>: Poskytujeme okam\u017eitou pomoc a podporu v situac\u00edch, kdy je mlad\u00fd \u010dlov\u011bk v krizi a pot\u0159ebuje neodkladnou pomoc.<\/li><li><b>Rozvoj sebev\u011bdom\u00ed a identity<\/b>: Pom\u00e1h\u00e1me mlad\u00fdm lidem porozum\u011bt sami sob\u011b, rozv\u00edjet pozitivn\u00ed sebepojet\u00ed a smysl pro vlastn\u00ed hodnotu.<\/li><\/ul><p style=\"font-weight: 400;\"><b>Jak terapie prob\u00edh\u00e1?<\/b><\/p><p style=\"font-weight: 400;\">Terapeutick\u00e1 pr\u00e1ce je individu\u00e1ln\u011b p\u0159izp\u016fsobena pot\u0159eb\u00e1m ka\u017ed\u00e9ho d\u00edt\u011bte \u010di mladistv\u00e9ho:<\/p><ul><li><b>Individu\u00e1ln\u00ed terapie<\/b>: Pr\u00e1ce jeden na jednoho s terapeutem umo\u017e\u0148uje hlubok\u00e9 prozkoum\u00e1n\u00ed probl\u00e9m\u016f a c\u00edlenou podporu.<\/li><li><b>Skupinov\u00e1 terapie<\/b>: Skupinov\u00e1 sezen\u00ed umo\u017e\u0148uj\u00ed mlad\u00fdm lidem sd\u00edlet sv\u00e9 zku\u0161enosti s ostatn\u00edmi a u\u010dit se ve skupinov\u00e9m prost\u0159ed\u00ed.<\/li><li><b>Rodinn\u00e1 terapie<\/b>: Pracujeme tak\u00e9 s rodinami, abychom podpo\u0159ili zdrav\u00e9 rodinn\u00e9 vztahy a spole\u010dn\u011b hledali \u0159e\u0161en\u00ed probl\u00e9m\u016f.<\/li><li><b>Krizov\u00e1 intervence<\/b>: Poskytujeme okam\u017eitou pomoc v krizov\u00fdch situac\u00edch, kdy je t\u0159eba rychle reagovat.<\/li><\/ul><p style=\"font-weight: 400;\"><b>Pro\u010d zvolit na\u0161i terapeutickou slu\u017ebu?<\/b><\/p><p style=\"font-weight: 400;\">Na\u0161i terapeuti maj\u00ed dlouholet\u00e9 zku\u0161enosti s prac\u00ed s d\u011btmi a mladistv\u00fdmi, kte\u0159\u00ed se pot\u00fdkaj\u00ed s r\u016fzn\u00fdmi formami rizikov\u00e9ho chov\u00e1n\u00ed. P\u0159istupujeme k nim s respektem, empati\u00ed a d\u016fv\u011brou, abychom jim pomohli naj\u00edt cestu k pozitivn\u00ed zm\u011bn\u011b a bezpe\u010dn\u00e9 budoucnosti.<\/p><p style=\"font-weight: 400;\"><b>M\u00e1te z\u00e1jem o terapii nebo pot\u0159ebujete konzultaci?<\/b><\/p><p style=\"font-weight: 400;\">Pokud m\u00e1te z\u00e1jem o terapeutickou pomoc pro Va\u0161e d\u00edt\u011b nebo pot\u0159ebujete v\u00edce informac\u00ed, nev\u00e1hejte n\u00e1s kontaktovat. Jsme tu, abychom V\u00e1m a Va\u0161im bl\u00edzk\u00fdm poskytli podporu v n\u00e1ro\u010dn\u00fdch \u017eivotn\u00edch situac\u00edch.<\/p><p style=\"font-weight: 400;\">Dal\u0161\u00ed informace naleznete na <a href=\"http:\/\/www.osponka.cz\/\">www.osponka.cz<\/a>, nebo n\u00e1s kontaktujte p\u0159\u00edmo na e-mailu koordinace@osponka.cz \u010di telefonicky na \u010d\u00edsle +420 775 103 737.<\/p><p style=\"font-weight: 400;\">\u00a0<\/p>\t\t\t\t\t\t<\/div>\n\t\t\t\t<\/div>\n\t\t\t\t\t<\/div>\n\t\t\t\t<\/div>\n\t\t<div class=\"elementor-element elementor-element-4e50270 e-flex e-con-boxed e-con e-parent\" data-id=\"4e50270\" data-element_type=\"container\">\n\t\t\t\t\t<div class=\"e-con-inner\">\n\t\t\t\t<div class=\"elementor-element elementor-element-834aa00 elementor-widget elementor-widget-text-editor\" data-id=\"834aa00\" data-element_type=\"widget\" data-widget_type=\"text-editor.default\">\n\t\t\t\t<div class=\"elementor-widget-container\">\n\t\t\t\t\t\t\t<h4>Terapeutick\u00e1 pomoc pro dosp\u011bl\u00e9<\/h4><h6 style=\"font-weight: 400;\"><b>Najd\u011bte cestu k du\u0161evn\u00ed pohod\u011b a vyrovnan\u00e9mu \u017eivotu<\/b><\/h6><p style=\"font-weight: 400;\"><b>Co je terapeutick\u00e1 pomoc pro dosp\u011bl\u00e9?<\/b><\/p><p style=\"font-weight: 400;\">Terapeutick\u00e1 pomoc pro dosp\u011bl\u00e9 je profesion\u00e1ln\u00ed podpora zam\u011b\u0159en\u00e1 na \u0159e\u0161en\u00ed osobn\u00edch, psychick\u00fdch a emocion\u00e1ln\u00edch probl\u00e9m\u016f, kter\u00e9 mohou ovliv\u0148ovat V\u00e1\u0161 ka\u017edodenn\u00ed \u017eivot. Na\u0161i zku\u0161en\u00ed terapeuti V\u00e1m pomohou porozum\u011bt p\u0159\u00ed\u010din\u00e1m Va\u0161ich pot\u00ed\u017e\u00ed, naj\u00edt zdrav\u00e9 zp\u016fsoby, jak se s nimi vyrovnat, a podpo\u0159\u00ed V\u00e1s na cest\u011b k v\u011bt\u0161\u00ed \u017eivotn\u00ed spokojenosti a rovnov\u00e1ze.<\/p><p style=\"font-weight: 400;\"><b>Pro koho je tato slu\u017eba ur\u010dena?<\/b><\/p><p style=\"font-weight: 400;\">Terapeutick\u00e1 pomoc je ur\u010dena pro dosp\u011bl\u00e9, kte\u0159\u00ed:<\/p><ul><li>Se pot\u00fdkaj\u00ed s \u00fazkostmi, depresemi nebo pocity vyho\u0159en\u00ed<\/li><li>Proch\u00e1zej\u00ed slo\u017eit\u00fdm \u017eivotn\u00edm obdob\u00edm, jako je rozvod, ztr\u00e1ta bl\u00edzk\u00e9 osoby, nebo z\u00e1va\u017en\u00e9 onemocn\u011bn\u00ed<\/li><li>Pot\u0159ebuj\u00ed pomoc p\u0159i \u0159e\u0161en\u00ed vztahov\u00fdch probl\u00e9m\u016f nebo rodinn\u00fdch konflikt\u016f<\/li><li>Maj\u00ed probl\u00e9my s n\u00edzk\u00fdm sebev\u011bdom\u00edm, sebed\u016fv\u011brou nebo identitou<\/li><li>Bojuj\u00ed s dlouhodob\u00fdm stresem, probl\u00e9my v pr\u00e1ci nebo osobn\u00edm \u017eivot\u011b<\/li><li>Hledaj\u00ed smysl \u017eivota a cht\u011bj\u00ed dos\u00e1hnout vnit\u0159n\u00edho klidu a du\u0161evn\u00ed pohody<\/li><\/ul><p style=\"font-weight: 400;\"><b>Jak terapie pom\u00e1h\u00e1?<\/b><\/p><ul><li><b>Zlep\u0161en\u00ed du\u0161evn\u00edho zdrav\u00ed<\/b>: Terapie V\u00e1m pom\u016f\u017ee zvl\u00e1dnout stres, \u00fazkost nebo depresi a naj\u00edt zp\u016fsoby, jak se c\u00edtit l\u00e9pe.<\/li><li><b>\u0158e\u0161en\u00ed vztahov\u00fdch probl\u00e9m\u016f<\/b>: Pom\u016f\u017eeme V\u00e1m l\u00e9pe porozum\u011bt sob\u011b i druh\u00fdm a naj\u00edt zp\u016fsoby, jak zlep\u0161it sv\u00e9 vztahy.<\/li><li><b>Zvl\u00e1d\u00e1n\u00ed zm\u011bn a kriz\u00ed<\/b>: Terapie poskytuje podporu p\u0159i zvl\u00e1d\u00e1n\u00ed t\u011b\u017ek\u00fdch \u017eivotn\u00edch zm\u011bn a krizov\u00fdch situac\u00ed.<\/li><li><b>Rozvoj osobn\u00edho r\u016fstu<\/b>: Pom\u016f\u017eeme V\u00e1m objevit a rozv\u00edjet Va\u0161e siln\u00e9 str\u00e1nky a dos\u00e1hnout osobn\u00edho r\u016fstu.<\/li><li><b>Zv\u00fd\u0161en\u00ed sebev\u011bdom\u00ed<\/b>: Spole\u010dn\u011b s terapeutem budete pracovat na pos\u00edlen\u00ed sebed\u016fv\u011bry a pozitivn\u00edho sebeobrazu.<\/li><\/ul><p style=\"font-weight: 400;\"><b>Jak terapie prob\u00edh\u00e1?<\/b><\/p><p style=\"font-weight: 400;\">Terapie je individu\u00e1ln\u011b p\u0159izp\u016fsobena Va\u0161im pot\u0159eb\u00e1m a c\u00edl\u016fm:<\/p><ul><li><b>Individu\u00e1ln\u00ed terapie<\/b>: Osobn\u00ed sezen\u00ed s terapeutem, kde se zam\u011b\u0159ujeme na konkr\u00e9tn\u00ed probl\u00e9my a hled\u00e1me \u0159e\u0161en\u00ed, kter\u00e1 V\u00e1m nejl\u00e9pe vyhovuj\u00ed.<\/li><li><b>P\u00e1rov\u00e1 a rodinn\u00e1 terapie<\/b>: Nab\u00edz\u00edme terapii zam\u011b\u0159enou na zlep\u0161en\u00ed vztah\u016f a komunikace v rodin\u011b nebo mezi partnery.<\/li><li><b>Krizov\u00e1 intervence<\/b>: Poskytujeme okam\u017eitou pomoc v n\u00e1ro\u010dn\u00fdch \u017eivotn\u00edch situac\u00edch, kdy pot\u0159ebujete neodkladnou podporu.<\/li><li><b>Online terapie<\/b>: Pro maxim\u00e1ln\u00ed pohodl\u00ed a flexibilitu nab\u00edz\u00edme tak\u00e9 mo\u017enost terapie na d\u00e1lku prost\u0159ednictv\u00edm videohovor\u016f.<\/li><\/ul><p style=\"font-weight: 400;\"><b>Pro\u010d zvolit na\u0161i terapeutickou slu\u017ebu?<\/b><\/p><p style=\"font-weight: 400;\">Na\u0161i terapeuti jsou odborn\u00edci s dlouholetou prax\u00ed a hlubok\u00fdm porozum\u011bn\u00edm lidsk\u00e9 psychice. Pracujeme s respektem, empati\u00ed a d\u016frazem na individu\u00e1ln\u00ed pot\u0159eby klient\u016f. Na\u0161\u00edm c\u00edlem je poskytnout V\u00e1m bezpe\u010dn\u00e9 prost\u0159ed\u00ed, kde m\u016f\u017eete otev\u0159en\u011b sd\u00edlet sv\u00e9 probl\u00e9my a naj\u00edt cesty k jejich \u0159e\u0161en\u00ed.<\/p><p style=\"font-weight: 400;\"><b>M\u00e1te z\u00e1jem o terapii nebo pot\u0159ebujete konzultaci?<\/b><\/p><p style=\"font-weight: 400;\">Pokud c\u00edt\u00edte, \u017ee pot\u0159ebujete pomoc nebo se chcete dozv\u011bd\u011bt v\u00edce, nev\u00e1hejte n\u00e1s kontaktovat. Jsme zde, abychom V\u00e1s podpo\u0159ili na cest\u011b k lep\u0161\u00edmu du\u0161evn\u00edmu zdrav\u00ed a spokojen\u011bj\u0161\u00edmu \u017eivotu.<\/p><p style=\"font-weight: 400;\">Dal\u0161\u00ed informace naleznete na <a href=\"http:\/\/www.osponka.cz\/\">www.osponka.cz<\/a>, nebo n\u00e1s kontaktujte p\u0159\u00edmo na e-mailu koordinace@osponka.cz \u010di telefonicky na \u010d\u00edsle +420 775 103 737.<\/p><p style=\"font-weight: 400;\">\u00a0<\/p>\t\t\t\t\t\t<\/div>\n\t\t\t\t<\/div>\n\t\t\t\t\t<\/div>\n\t\t\t\t<\/div>\n\t\t\t\t<\/div>\n\t\t","protected":false},"excerpt":{"rendered":"<p>Terapeutick\u00e1 pr\u00e1ce s d\u011btmi a ml\u00e1de\u017e\u00ed s rizikov\u00fdm chov\u00e1n\u00edm Podpora a pomoc pro d\u011bti a mladistv\u00e9 v krizi Co je terapeutick\u00e1 pr\u00e1ce s d\u011btmi a ml\u00e1de\u017e\u00ed s rizikov\u00fdm chov\u00e1n\u00edm? Terapeutick\u00e1 pr\u00e1ce s d\u011btmi a ml\u00e1de\u017e\u00ed s rizikov\u00fdm chov\u00e1n\u00edm je odborn\u00fd proces zam\u011b\u0159en\u00fd na pomoc mlad\u00fdm lidem, kte\u0159\u00ed se pot\u00fdkaj\u00ed s probl\u00e9my, je\u017e mohou ohrozit jejich&#8230;<\/p>\n","protected":false},"author":2,"featured_media":0,"parent":0,"menu_order":0,"comment_status":"closed","ping_status":"closed","template":"","meta":{"_themeisle_gutenberg_block_has_review":false,"_ti_tpc_template_sync":false,"_ti_tpc_template_id":"","footnotes":""},"class_list":["post-155","page","type-page","status-publish","hentry"],"_links":{"self":[{"href":"https:\/\/www.osponka.cz\/index.php?rest_route=\/wp\/v2\/pages\/155","targetHints":{"allow":["GET"]}}],"collection":[{"href":"https:\/\/www.osponka.cz\/index.php?rest_route=\/wp\/v2\/pages"}],"about":[{"href":"https:\/\/www.osponka.cz\/index.php?rest_route=\/wp\/v2\/types\/page"}],"author":[{"embeddable":true,"href":"https:\/\/www.osponka.cz\/index.php?rest_route=\/wp\/v2\/users\/2"}],"replies":[{"embeddable":true,"href":"https:\/\/www.osponka.cz\/index.php?rest_route=%2Fwp%2Fv2%2Fcomments&post=155"}],"version-history":[{"count":9,"href":"https:\/\/www.osponka.cz\/index.php?rest_route=\/wp\/v2\/pages\/155\/revisions"}],"predecessor-version":[{"id":1121,"href":"https:\/\/www.osponka.cz\/index.php?rest_route=\/wp\/v2\/pages\/155\/revisions\/1121"}],"wp:attachment":[{"href":"https:\/\/www.osponka.cz\/index.php?rest_route=%2Fwp%2Fv2%2Fmedia&parent=155"}],"curies":[{"name":"wp","href":"https:\/\/api.w.org\/{rel}","templated":true}]}}