{"id":1017,"date":"2024-09-02T06:15:59","date_gmt":"2024-09-02T06:15:59","guid":{"rendered":"https:\/\/www.osponka.cz\/?page_id=1017"},"modified":"2024-09-10T07:01:20","modified_gmt":"2024-09-10T07:01:20","slug":"adaptacni-kurzy","status":"publish","type":"page","link":"https:\/\/www.osponka.cz\/?page_id=1017","title":{"rendered":"Adapta\u010dn\u00ed kurzy"},"content":{"rendered":"\t\t<div data-elementor-type=\"wp-page\" data-elementor-id=\"1017\" class=\"elementor elementor-1017\">\n\t\t\t\t<div class=\"elementor-element elementor-element-4fe27d2 e-flex e-con-boxed e-con e-parent\" data-id=\"4fe27d2\" data-element_type=\"container\">\n\t\t\t\t\t<div class=\"e-con-inner\">\n\t\t\t\t<div class=\"elementor-element elementor-element-6fba94f elementor-widget elementor-widget-text-editor\" data-id=\"6fba94f\" data-element_type=\"widget\" data-widget_type=\"text-editor.default\">\n\t\t\t\t<div class=\"elementor-widget-container\">\n\t\t\t<style>\/*! elementor - v3.23.0 - 05-08-2024 *\/\n.elementor-widget-text-editor.elementor-drop-cap-view-stacked .elementor-drop-cap{background-color:#69727d;color:#fff}.elementor-widget-text-editor.elementor-drop-cap-view-framed .elementor-drop-cap{color:#69727d;border:3px solid;background-color:transparent}.elementor-widget-text-editor:not(.elementor-drop-cap-view-default) .elementor-drop-cap{margin-top:8px}.elementor-widget-text-editor:not(.elementor-drop-cap-view-default) .elementor-drop-cap-letter{width:1em;height:1em}.elementor-widget-text-editor .elementor-drop-cap{float:left;text-align:center;line-height:1;font-size:50px}.elementor-widget-text-editor .elementor-drop-cap-letter{display:inline-block}<\/style>\t\t\t\t<h6 style=\"font-weight: 400;\"><b>Plynul\u00fd p\u0159echod do nov\u00e9ho \u0161koln\u00edho prost\u0159ed\u00ed<\/b><\/h6><p style=\"font-weight: 400;\"><b>Co jsou adapta\u010dn\u00ed programy?<\/b><\/p><p style=\"font-weight: 400;\">Adapta\u010dn\u00ed programy jsou speci\u00e1ln\u011b navr\u017een\u00e9 aktivity, kter\u00e9 pom\u00e1haj\u00ed \u017e\u00e1k\u016fm p\u0159izp\u016fsobit se nov\u00e9mu \u0161koln\u00edmu prost\u0159ed\u00ed a usnad\u0148uj\u00ed jejich p\u0159echod do nov\u00fdch t\u0159\u00edd nebo \u0161kol. C\u00edlem t\u011bchto program\u016f je zajistit, aby se \u017e\u00e1ci c\u00edtili pohodln\u011b a sebejist\u011b ve sv\u00e9m nov\u00e9m prost\u0159ed\u00ed, co\u017e p\u0159isp\u00edv\u00e1 k jejich celkov\u00e9 spokojenosti.<\/p><p style=\"font-weight: 400;\"><b>Typy adapta\u010dn\u00edch program\u016f:<\/b><\/p><p style=\"font-weight: 400;\"><b>Seznamovac\u00ed kurz<\/b><\/p><p style=\"font-weight: 400;\">Seznamovac\u00ed kurz je ide\u00e1ln\u00ed pro \u017e\u00e1ky, kte\u0159\u00ed za\u010d\u00ednaj\u00ed na nov\u00e9 \u0161kole nebo p\u0159ech\u00e1zej\u00ed do vy\u0161\u0161\u00edho stupn\u011b. Tento kurz usnad\u0148uje za\u010dlen\u011bn\u00ed d\u011bt\u00ed do nov\u00e9ho prost\u0159ed\u00ed a pom\u00e1h\u00e1 vytvo\u0159it pozitivn\u00ed vztahy mezi \u017e\u00e1ky a u\u010diteli.<\/p><p style=\"font-weight: 400;\"><b>C\u00edle programu:<\/b><\/p><ul><li>Sezn\u00e1men\u00ed \u017e\u00e1k\u016f navz\u00e1jem<\/li><li>Nastaven\u00ed prvn\u00edho pozitivn\u00edho kontaktu mezi d\u011btmi a t\u0159\u00eddn\u00edm u\u010ditelem<\/li><li>Rozv\u00edjen\u00ed soci\u00e1ln\u00edch dovednost\u00ed a vytv\u00e1\u0159en\u00ed prvn\u00edch spole\u010dn\u00fdch pro\u017eitk\u016f<\/li><li>Usnadn\u011bn\u00ed p\u0159estupu nebo n\u00e1stupu \u017e\u00e1k\u016f do dal\u0161\u00edho stupn\u011b \u0161koly<\/li><li>Vytvo\u0159en\u00ed vazeb mezi \u017e\u00e1ky a u\u010diteli<\/li><li>Mo\u017enost poznat spolu\u017e\u00e1ky v re\u00e1ln\u00fdch situac\u00edch<\/li><\/ul><p style=\"font-weight: 400;\">Program zahrnuje seznamovac\u00ed, komunika\u010dn\u00ed a psychomotorick\u00e9 hry, pohybov\u00e9 a kreativn\u00ed aktivity, kter\u00e9 podporuj\u00ed snadn\u00e9 za\u010dlen\u011bn\u00ed a pozitivn\u00ed interakci. Pro v\u00edce informac\u00ed n\u00e1s nev\u00e1hejte kontaktovat.<\/p><p style=\"font-weight: 400;\"><b>Adapta\u010dn\u00ed kurz<\/b><\/p><p style=\"font-weight: 400;\">Adapta\u010dn\u00ed kurz je zam\u011b\u0159en na pro\u017eitkov\u00e9 u\u010den\u00ed a m\u00e1 intenzivn\u011bj\u0161\u00ed dopad ne\u017e seznamovac\u00ed kurz. Pom\u00e1h\u00e1 d\u011btem l\u00e9pe se adaptovat na \u0161koln\u00ed prost\u0159ed\u00ed a prevence rizikov\u00e9ho chov\u00e1n\u00ed.<\/p><p style=\"font-weight: 400;\"><b>C\u00edle programu:<\/b><\/p><ul><li>Usnadn\u011bn\u00ed n\u00e1stupu \u017e\u00e1k\u016f na nov\u00fd stupe\u0148 \u0161koly<\/li><li>Vytvo\u0159en\u00ed z\u00e1klad\u016f pozitivn\u00edho klimatu v kolektivu<\/li><li>Vytvo\u0159en\u00ed vazeb mezi \u017e\u00e1ky a u\u010diteli<\/li><li>Pomoc jednotlivc\u016fm naj\u00edt sv\u00e9 m\u00edsto ve skupin\u011b, poznat sv\u00e9 siln\u00e9 a slab\u00e9 str\u00e1nky, co\u017e m\u016f\u017ee pomoci p\u0159i p\u0159ekon\u00e1v\u00e1n\u00ed \u0161koln\u00ed ne\u00fasp\u011b\u0161nosti<\/li><\/ul><p style=\"font-weight: 400;\">Program zahrnuje seznamovac\u00ed a komunika\u010dn\u00ed hry, psychomotorick\u00e9 aktivity, pohybov\u00e9 a kreativn\u00ed \u010dinnosti, techniky zam\u011b\u0159en\u00e9 na rozvoj skupinov\u00e9 dynamiky a sebezku\u0161enost. D\u00edky tomu se \u017e\u00e1ci mohou l\u00e9pe poznat a vytvo\u0159it si pevn\u00e9 vztahy. Pro v\u00edce informac\u00ed n\u00e1s nev\u00e1hejte kontaktovat.<\/p><p style=\"font-weight: 400;\"><b>Stmelovac\u00ed kurz<\/b><\/p><p style=\"font-weight: 400;\">Stmelovac\u00ed kurz poskytuje komplexn\u00ed z\u00e1\u017eitkov\u00fd program s d\u016frazem na podporu skupinov\u00e9 dynamiky a sebepozn\u00e1n\u00ed. Pom\u00e1h\u00e1 \u017e\u00e1k\u016fm odbourat negativn\u00ed vzorce chov\u00e1n\u00ed a podporuje jejich osobn\u00ed rozvoj.<\/p><p style=\"font-weight: 400;\"><b>C\u00edle programu:<\/b><\/p><ul><li>Stmelen\u00ed t\u0159\u00eddn\u00edho kolektivu<\/li><li>Pozn\u00e1n\u00ed spolu\u017e\u00e1k\u016f v re\u00e1ln\u00fdch situac\u00edch<\/li><li>Vytvo\u0159en\u00ed a prohlouben\u00ed vz\u00e1jemn\u00e9 d\u016fv\u011bry<\/li><li>Rozvoj kooperativn\u00edch dovednost\u00ed<\/li><li>Podpora otev\u0159en\u00e9 komunikace<\/li><li>Pr\u00e1ce s chybami a reflex\u00ed<\/li><li>Rozvoj respektu k odli\u0161n\u00fdm postoj\u016fm a tolerance<\/li><li>Pos\u00edlen\u00ed pocitu odpov\u011bdnosti v\u016f\u010di vlastn\u00ed osob\u011b i kolektivu<\/li><li>Porozum\u011bn\u00ed d\u016fsledk\u016fm sv\u00e9ho chov\u00e1n\u00ed a p\u0159ijet\u00ed zodpov\u011bdnosti<\/li><\/ul><p style=\"font-weight: 400;\">Program zahrnuje z\u00e1\u017eitkov\u00e9 aktivity, kter\u00e9 umo\u017e\u0148uj\u00ed \u017e\u00e1k\u016fm pracovat na sv\u00fdch postoj\u00edch, hodnot\u00e1ch a dovednostech, a podporuje pozitivn\u00ed atmosf\u00e9ru ve t\u0159\u00edd\u011b. Pro v\u00edce informac\u00ed n\u00e1s nev\u00e1hejte kontaktovat.<\/p><p style=\"font-weight: 400;\"><b>Chcete se dozv\u011bd\u011bt v\u00edce?<\/b><\/p><p style=\"font-weight: 400;\">Pokud m\u00e1te z\u00e1jem o na\u0161e slu\u017eby nebo pot\u0159ebujete dal\u0161\u00ed informace, nev\u00e1hejte n\u00e1s kontaktovat. Jsme tu, abychom V\u00e1m pomohli a zajistili, \u017ee Va\u0161e d\u011bti dostanou podporu, kterou pot\u0159ebuj\u00ed.<\/p><p style=\"font-weight: 400;\">Kontaktujte n\u00e1s na <a href=\"http:\/\/www.osponka.cz\/\">www.osponka.cz<\/a>, e-mailem koordinace@osponka.cz nebo telefonicky na +420 775 103 737.<\/p><p style=\"font-weight: 400;\">\u00a0<\/p>\t\t\t\t\t\t<\/div>\n\t\t\t\t<\/div>\n\t\t\t\t\t<\/div>\n\t\t\t\t<\/div>\n\t\t\t\t<\/div>\n\t\t","protected":false},"excerpt":{"rendered":"<p>Plynul\u00fd p\u0159echod do nov\u00e9ho \u0161koln\u00edho prost\u0159ed\u00ed Co jsou adapta\u010dn\u00ed programy? Adapta\u010dn\u00ed programy jsou speci\u00e1ln\u011b navr\u017een\u00e9 aktivity, kter\u00e9 pom\u00e1haj\u00ed \u017e\u00e1k\u016fm p\u0159izp\u016fsobit se nov\u00e9mu \u0161koln\u00edmu prost\u0159ed\u00ed a usnad\u0148uj\u00ed jejich p\u0159echod do nov\u00fdch t\u0159\u00edd nebo \u0161kol. C\u00edlem t\u011bchto program\u016f je zajistit, aby se \u017e\u00e1ci c\u00edtili pohodln\u011b a sebejist\u011b ve sv\u00e9m nov\u00e9m prost\u0159ed\u00ed, co\u017e p\u0159isp\u00edv\u00e1 k jejich celkov\u00e9 spokojenosti&#8230;.<\/p>\n","protected":false},"author":2,"featured_media":0,"parent":0,"menu_order":0,"comment_status":"closed","ping_status":"closed","template":"","meta":{"_themeisle_gutenberg_block_has_review":false,"_ti_tpc_template_sync":false,"_ti_tpc_template_id":"","footnotes":""},"class_list":["post-1017","page","type-page","status-publish","hentry"],"_links":{"self":[{"href":"https:\/\/www.osponka.cz\/index.php?rest_route=\/wp\/v2\/pages\/1017","targetHints":{"allow":["GET"]}}],"collection":[{"href":"https:\/\/www.osponka.cz\/index.php?rest_route=\/wp\/v2\/pages"}],"about":[{"href":"https:\/\/www.osponka.cz\/index.php?rest_route=\/wp\/v2\/types\/page"}],"author":[{"embeddable":true,"href":"https:\/\/www.osponka.cz\/index.php?rest_route=\/wp\/v2\/users\/2"}],"replies":[{"embeddable":true,"href":"https:\/\/www.osponka.cz\/index.php?rest_route=%2Fwp%2Fv2%2Fcomments&post=1017"}],"version-history":[{"count":10,"href":"https:\/\/www.osponka.cz\/index.php?rest_route=\/wp\/v2\/pages\/1017\/revisions"}],"predecessor-version":[{"id":1115,"href":"https:\/\/www.osponka.cz\/index.php?rest_route=\/wp\/v2\/pages\/1017\/revisions\/1115"}],"wp:attachment":[{"href":"https:\/\/www.osponka.cz\/index.php?rest_route=%2Fwp%2Fv2%2Fmedia&parent=1017"}],"curies":[{"name":"wp","href":"https:\/\/api.w.org\/{rel}","templated":true}]}}